{"id":8,"date":"2025-11-21T00:56:17","date_gmt":"2025-11-21T00:56:17","guid":{"rendered":"https:\/\/norawa.mx\/?page_id=8"},"modified":"2025-11-22T06:44:47","modified_gmt":"2025-11-22T06:44:47","slug":"inicio","status":"publish","type":"page","link":"https:\/\/norawa.mx\/","title":{"rendered":"NORAWA"},"content":{"rendered":"\t\t<div data-elementor-type=\"wp-page\" data-elementor-id=\"8\" class=\"elementor elementor-8\">\n\t\t\t\t<div class=\"elementor-element elementor-element-96c393e e-flex e-con-boxed e-con e-parent\" data-id=\"96c393e\" data-element_type=\"container\" data-settings=\"{&quot;background_background&quot;:&quot;classic&quot;}\">\n\t\t\t\t\t<div class=\"e-con-inner\">\n\t\t<div class=\"elementor-element elementor-element-c57063f e-con-full e-flex e-con e-child\" data-id=\"c57063f\" data-element_type=\"container\">\n\t\t\t\t<div class=\"elementor-element elementor-element-75be9ab elementor-widget elementor-widget-image\" data-id=\"75be9ab\" data-element_type=\"widget\" data-widget_type=\"image.default\">\n\t\t\t\t\t\t\t\t\t\t\t\t\t\t\t<img fetchpriority=\"high\" decoding=\"async\" width=\"1024\" height=\"1024\" src=\"https:\/\/norawa.mx\/wp-content\/uploads\/2025\/11\/LOGOCAMION-1-1024x1024.png\" class=\"attachment-large size-large wp-image-13\" alt=\"\" srcset=\"https:\/\/norawa.mx\/wp-content\/uploads\/2025\/11\/LOGOCAMION-1-1024x1024.png 1024w, https:\/\/norawa.mx\/wp-content\/uploads\/2025\/11\/LOGOCAMION-1-300x300.png 300w, https:\/\/norawa.mx\/wp-content\/uploads\/2025\/11\/LOGOCAMION-1-150x150.png 150w, https:\/\/norawa.mx\/wp-content\/uploads\/2025\/11\/LOGOCAMION-1-768x768.png 768w, https:\/\/norawa.mx\/wp-content\/uploads\/2025\/11\/LOGOCAMION-1-1536x1536.png 1536w, https:\/\/norawa.mx\/wp-content\/uploads\/2025\/11\/LOGOCAMION-1.png 1920w\" sizes=\"(max-width: 1024px) 100vw, 1024px\" \/>\t\t\t\t\t\t\t\t\t\t\t\t\t\t\t<\/div>\n\t\t\t\t<div class=\"elementor-element elementor-element-a7cc162 elementor-widget elementor-widget-heading\" data-id=\"a7cc162\" data-element_type=\"widget\" data-widget_type=\"heading.default\">\n\t\t\t\t\t<h6 class=\"elementor-heading-title elementor-size-default\">Dulce bocado, cero pecado<\/h6>\t\t\t\t<\/div>\n\t\t\t\t<\/div>\n\t\t<div class=\"elementor-element elementor-element-e605f76 e-con-full e-flex e-con e-child\" data-id=\"e605f76\" data-element_type=\"container\">\n\t\t\t\t<div class=\"elementor-element elementor-element-946a656 elementor-widget elementor-widget-image\" data-id=\"946a656\" data-element_type=\"widget\" data-widget_type=\"image.default\">\n\t\t\t\t\t\t\t\t\t\t\t\t\t\t\t<img decoding=\"async\" width=\"1024\" height=\"768\" src=\"https:\/\/norawa.mx\/wp-content\/uploads\/2025\/11\/WhatsApp-Image-2025-11-20-at-11.05.21-PM-1024x768.jpeg\" class=\"attachment-large size-large wp-image-15\" alt=\"\" srcset=\"https:\/\/norawa.mx\/wp-content\/uploads\/2025\/11\/WhatsApp-Image-2025-11-20-at-11.05.21-PM-1024x768.jpeg 1024w, https:\/\/norawa.mx\/wp-content\/uploads\/2025\/11\/WhatsApp-Image-2025-11-20-at-11.05.21-PM-300x225.jpeg 300w, https:\/\/norawa.mx\/wp-content\/uploads\/2025\/11\/WhatsApp-Image-2025-11-20-at-11.05.21-PM-768x576.jpeg 768w, https:\/\/norawa.mx\/wp-content\/uploads\/2025\/11\/WhatsApp-Image-2025-11-20-at-11.05.21-PM.jpeg 1280w\" sizes=\"(max-width: 1024px) 100vw, 1024px\" \/>\t\t\t\t\t\t\t\t\t\t\t\t\t\t\t<\/div>\n\t\t<div class=\"elementor-element elementor-element-fedf347 e-con-full e-flex e-con e-child\" data-id=\"fedf347\" data-element_type=\"container\">\n\t\t\t\t<div class=\"elementor-element elementor-element-5fd83be elementor-arrows-position-inside elementor-pagination-position-outside elementor-widget elementor-widget-image-carousel\" data-id=\"5fd83be\" data-element_type=\"widget\" data-settings=\"{&quot;slides_to_show&quot;:&quot;3&quot;,&quot;slides_to_scroll&quot;:&quot;1&quot;,&quot;autoplay_speed&quot;:2000,&quot;speed&quot;:250,&quot;navigation&quot;:&quot;both&quot;,&quot;autoplay&quot;:&quot;yes&quot;,&quot;pause_on_hover&quot;:&quot;yes&quot;,&quot;pause_on_interaction&quot;:&quot;yes&quot;,&quot;infinite&quot;:&quot;yes&quot;}\" data-widget_type=\"image-carousel.default\">\n\t\t\t\t\t\t\t<div class=\"elementor-image-carousel-wrapper swiper\" role=\"region\" aria-roledescription=\"carousel\" aria-label=\"Carrusel de Im\u00e1genes\" dir=\"ltr\">\n\t\t\t<div class=\"elementor-image-carousel swiper-wrapper\" aria-live=\"off\">\n\t\t\t\t\t\t\t\t<div class=\"swiper-slide\" role=\"group\" aria-roledescription=\"slide\" aria-label=\"1 de 10\"><figure class=\"swiper-slide-inner\"><img decoding=\"async\" class=\"swiper-slide-image\" src=\"https:\/\/norawa.mx\/wp-content\/uploads\/2025\/11\/WhatsApp-Image-2025-07-29-at-9.22.12-AM-225x300.jpeg\" alt=\"WhatsApp Image 2025-07-29 at 9.22.12 AM\" \/><\/figure><\/div><div class=\"swiper-slide\" role=\"group\" aria-roledescription=\"slide\" aria-label=\"2 de 10\"><figure class=\"swiper-slide-inner\"><img decoding=\"async\" class=\"swiper-slide-image\" src=\"https:\/\/norawa.mx\/wp-content\/uploads\/2025\/11\/WhatsApp-Image-2025-07-29-at-9.38.09-AM-225x300.jpeg\" alt=\"WhatsApp Image 2025-07-29 at 9.38.09 AM\" \/><\/figure><\/div><div class=\"swiper-slide\" role=\"group\" aria-roledescription=\"slide\" aria-label=\"3 de 10\"><figure class=\"swiper-slide-inner\"><img decoding=\"async\" class=\"swiper-slide-image\" src=\"https:\/\/norawa.mx\/wp-content\/uploads\/2025\/11\/WhatsApp-Image-2025-07-24-at-2.24.48-PM-4-300x225.jpeg\" alt=\"WhatsApp Image 2025-07-24 at 2.24.48 PM (4)\" \/><\/figure><\/div><div class=\"swiper-slide\" role=\"group\" aria-roledescription=\"slide\" aria-label=\"4 de 10\"><figure class=\"swiper-slide-inner\"><img decoding=\"async\" class=\"swiper-slide-image\" src=\"https:\/\/norawa.mx\/wp-content\/uploads\/2025\/11\/WhatsApp-Video-202t-12.25.45-PM-frame-at-0m22s-139x300.jpg\" alt=\"WhatsApp Video 202t 12.25.45 PM - frame at 0m22s\" \/><\/figure><\/div><div class=\"swiper-slide\" role=\"group\" aria-roledescription=\"slide\" aria-label=\"5 de 10\"><figure class=\"swiper-slide-inner\"><img decoding=\"async\" class=\"swiper-slide-image\" src=\"https:\/\/norawa.mx\/wp-content\/uploads\/2025\/11\/WhatsApp-Video-2025-07-24-at-2.26.27-PM-frame-at-0m35s-170x300.jpg\" alt=\"WhatsApp Video 2025-07-24 at 2.26.27 PM - frame at 0m35s\" \/><\/figure><\/div><div class=\"swiper-slide\" role=\"group\" aria-roledescription=\"slide\" aria-label=\"6 de 10\"><figure class=\"swiper-slide-inner\"><img decoding=\"async\" class=\"swiper-slide-image\" src=\"https:\/\/norawa.mx\/wp-content\/uploads\/2025\/11\/WhatsApp-Video-2025-07-28-at-6.56.30-PM-1-frame-at-0m4s-169x300.jpg\" alt=\"WhatsApp Video 2025-07-28 at 6.56.30 PM (1) - frame at 0m4s\" \/><\/figure><\/div><div class=\"swiper-slide\" role=\"group\" aria-roledescription=\"slide\" aria-label=\"7 de 10\"><figure class=\"swiper-slide-inner\"><img decoding=\"async\" class=\"swiper-slide-image\" src=\"https:\/\/norawa.mx\/wp-content\/uploads\/2025\/11\/WhatsApp-Video-2025-08-08-at-12.25.45-PM-frame-at-0m22s-139x300.jpg\" alt=\"WhatsApp Video 2025-08-08 at 12.25.45 PM - frame at 0m22s\" \/><\/figure><\/div><div class=\"swiper-slide\" role=\"group\" aria-roledescription=\"slide\" aria-label=\"8 de 10\"><figure class=\"swiper-slide-inner\"><img decoding=\"async\" class=\"swiper-slide-image\" src=\"https:\/\/norawa.mx\/wp-content\/uploads\/2025\/11\/WhatsApp-Video-2025-08-08-at-12.25.45-PM-2-frame-at-0m0s-139x300.jpg\" alt=\"WhatsApp Video 2025-08-08 at 12.25.45 PM (2) - frame at 0m0s\" \/><\/figure><\/div><div class=\"swiper-slide\" role=\"group\" aria-roledescription=\"slide\" aria-label=\"9 de 10\"><figure class=\"swiper-slide-inner\"><img decoding=\"async\" class=\"swiper-slide-image\" src=\"https:\/\/norawa.mx\/wp-content\/uploads\/2025\/11\/WhatsApp-Image-2025-11-20-at-11.05.21-PM-300x225.jpeg\" alt=\"WhatsApp-Image-2025-11-20-at-11.05.21-PM\" \/><\/figure><\/div><div class=\"swiper-slide\" role=\"group\" aria-roledescription=\"slide\" aria-label=\"10 de 10\"><figure class=\"swiper-slide-inner\"><img decoding=\"async\" class=\"swiper-slide-image\" src=\"https:\/\/norawa.mx\/wp-content\/uploads\/2025\/11\/esfawear-300x225.png\" alt=\"esfawear\" \/><\/figure><\/div>\t\t\t<\/div>\n\t\t\t\t\t\t\t\t\t\t\t\t<div class=\"elementor-swiper-button elementor-swiper-button-prev\" role=\"button\" tabindex=\"0\">\n\t\t\t\t\t\t<svg aria-hidden=\"true\" class=\"e-font-icon-svg e-eicon-chevron-left\" viewBox=\"0 0 1000 1000\" xmlns=\"http:\/\/www.w3.org\/2000\/svg\"><path d=\"M646 125C629 125 613 133 604 142L308 442C296 454 292 471 292 487 292 504 296 521 308 533L604 854C617 867 629 875 646 875 663 875 679 871 692 858 704 846 713 829 713 812 713 796 708 779 692 767L438 487 692 225C700 217 708 204 708 187 708 171 704 154 692 142 675 129 663 125 646 125Z\"><\/path><\/svg>\t\t\t\t\t<\/div>\n\t\t\t\t\t<div class=\"elementor-swiper-button elementor-swiper-button-next\" role=\"button\" tabindex=\"0\">\n\t\t\t\t\t\t<svg aria-hidden=\"true\" class=\"e-font-icon-svg e-eicon-chevron-right\" viewBox=\"0 0 1000 1000\" xmlns=\"http:\/\/www.w3.org\/2000\/svg\"><path d=\"M696 533C708 521 713 504 713 487 713 471 708 454 696 446L400 146C388 133 375 125 354 125 338 125 325 129 313 142 300 154 292 171 292 187 292 204 296 221 308 233L563 492 304 771C292 783 288 800 288 817 288 833 296 850 308 863 321 871 338 875 354 875 371 875 388 867 400 854L696 533Z\"><\/path><\/svg>\t\t\t\t\t<\/div>\n\t\t\t\t\n\t\t\t\t\t\t\t\t\t<div class=\"swiper-pagination\"><\/div>\n\t\t\t\t\t\t\t\t\t<\/div>\n\t\t\t\t\t\t<\/div>\n\t\t\t\t<\/div>\n\t\t\t\t<\/div>\n\t\t\t\t\t<\/div>\n\t\t\t\t<\/div>\n\t\t<div class=\"elementor-element elementor-element-d17b62b e-flex e-con-boxed e-con e-parent\" data-id=\"d17b62b\" data-element_type=\"container\" data-settings=\"{&quot;background_background&quot;:&quot;classic&quot;}\">\n\t\t\t\t\t<div class=\"e-con-inner\">\n\t\t<div class=\"elementor-element elementor-element-ef3e177 e-con-full e-flex e-con e-child\" data-id=\"ef3e177\" data-element_type=\"container\">\n\t\t<div class=\"elementor-element elementor-element-1133ad7 e-con-full e-flex e-con e-child\" data-id=\"1133ad7\" data-element_type=\"container\">\n\t\t\t\t<div class=\"elementor-element elementor-element-f9f3bae elementor-widget elementor-widget-heading\" data-id=\"f9f3bae\" data-element_type=\"widget\" data-widget_type=\"heading.default\">\n\t\t\t\t\t<h2 class=\"elementor-heading-title elementor-size-default\">Qui\u00e9nes somos<\/h2>\t\t\t\t<\/div>\n\t\t\t\t<div class=\"elementor-element elementor-element-88a374c elementor-widget elementor-widget-text-editor\" data-id=\"88a374c\" data-element_type=\"widget\" data-widget_type=\"text-editor.default\">\n\t\t\t\t\t\t\t\t\t<p>Somos una empresa joven, pero con amplia experiencia en la comercializaci\u00f3n y distribuci\u00f3n de frutas frescas, principalmente manzana nacional de todas las variedades. Enfocados en ser reconocidos por la m\u00e1s alta calidad y servicio a un precio justo.<\/p><p>A\u00f1o de fundaci\u00f3n 2025.<\/p>\t\t\t\t\t\t\t\t<\/div>\n\t\t\t\t<div class=\"elementor-element elementor-element-8eb3ddd elementor-widget elementor-widget-heading\" data-id=\"8eb3ddd\" data-element_type=\"widget\" data-widget_type=\"heading.default\">\n\t\t\t\t\t<h2 class=\"elementor-heading-title elementor-size-default\">Ubicaci\u00f3n<\/h2>\t\t\t\t<\/div>\n\t\t\t\t<div class=\"elementor-element elementor-element-35d90a9 elementor-widget elementor-widget-text-editor\" data-id=\"35d90a9\" data-element_type=\"widget\" data-widget_type=\"text-editor.default\">\n\t\t\t\t\t\t\t\t\t<p>Nuestro centro de labores principal<\/p><p>est\u00e1 ubicado en:<\/p><p>\u00a0<\/p><p>Calle Negocios n\u00famero 30,<\/p><p>campo 20C, C.P. 31607.<\/p><p>\u00a0<\/p><p>Cuauht\u00e9moc, Chihuahua.<\/p>\t\t\t\t\t\t\t\t<\/div>\n\t\t\t\t<\/div>\n\t\t\t\t<div class=\"elementor-element elementor-element-6d9557b elementor-widget elementor-widget-google_maps\" data-id=\"6d9557b\" data-element_type=\"widget\" data-widget_type=\"google_maps.default\">\n\t\t\t\t\t\t\t<div class=\"elementor-custom-embed\">\n\t\t\t<iframe loading=\"lazy\"\n\t\t\t\t\tsrc=\"https:\/\/maps.google.com\/maps?q=28%C2%B030%2719.4%22N%20106%C2%B053%2754.2%22W&#038;t=m&#038;z=11&#038;output=embed&#038;iwloc=near\"\n\t\t\t\t\ttitle=\"28\u00b030&#039;19.4&quot;N 106\u00b053&#039;54.2&quot;W\"\n\t\t\t\t\taria-label=\"28\u00b030&#039;19.4&quot;N 106\u00b053&#039;54.2&quot;W\"\n\t\t\t><\/iframe>\n\t\t<\/div>\n\t\t\t\t\t\t<\/div>\n\t\t\t\t<\/div>\n\t\t\t\t\t<\/div>\n\t\t\t\t<\/div>\n\t\t<div class=\"elementor-element elementor-element-550d5c6 e-flex e-con-boxed e-con e-parent\" data-id=\"550d5c6\" data-element_type=\"container\" data-settings=\"{&quot;background_background&quot;:&quot;classic&quot;}\">\n\t\t\t\t\t<div class=\"e-con-inner\">\n\t\t\t\t<div class=\"elementor-element elementor-element-efe2526 elementor-widget__width-inherit elementor-widget elementor-widget-heading\" data-id=\"efe2526\" data-element_type=\"widget\" data-widget_type=\"heading.default\">\n\t\t\t\t\t<h2 class=\"elementor-heading-title elementor-size-default\">NUESTROS SERVICIOS<\/h2>\t\t\t\t<\/div>\n\t\t\t\t\t<\/div>\n\t\t\t\t<\/div>\n\t\t<div class=\"elementor-element elementor-element-b0a3bc0 e-flex e-con-boxed e-con e-parent\" data-id=\"b0a3bc0\" data-element_type=\"container\">\n\t\t\t\t\t<div class=\"e-con-inner\">\n\t\t<div class=\"elementor-element elementor-element-f93de52 e-con-full e-flex e-con e-child\" data-id=\"f93de52\" data-element_type=\"container\">\n\t\t\t\t<div class=\"elementor-element elementor-element-a0651e9 elementor-widget elementor-widget-heading\" data-id=\"a0651e9\" data-element_type=\"widget\" data-widget_type=\"heading.default\">\n\t\t\t\t\t<h2 class=\"elementor-heading-title elementor-size-default\">Compra-venta de manzana nacional<\/h2>\t\t\t\t<\/div>\n\t\t\t\t<div class=\"elementor-element elementor-element-242c79d elementor-widget elementor-widget-text-editor\" data-id=\"242c79d\" data-element_type=\"widget\" data-widget_type=\"text-editor.default\">\n\t\t\t\t\t\t\t\t\t<p>Se adquiere fruta asegurando su trazabilidad, precio justo y selecci\u00f3n seg\u00fan calidad.<\/p>\t\t\t\t\t\t\t\t<\/div>\n\t\t\t\t<\/div>\n\t\t<div class=\"elementor-element elementor-element-d282162 e-con-full e-flex e-con e-child\" data-id=\"d282162\" data-element_type=\"container\" data-settings=\"{&quot;background_background&quot;:&quot;classic&quot;}\">\n\t\t\t\t<div class=\"elementor-element elementor-element-c758e3a elementor-widget elementor-widget-image\" data-id=\"c758e3a\" data-element_type=\"widget\" data-widget_type=\"image.default\">\n\t\t\t\t\t\t\t\t\t\t\t\t\t\t\t<img decoding=\"async\" width=\"1024\" height=\"768\" src=\"https:\/\/norawa.mx\/wp-content\/uploads\/2025\/11\/1-1024x768.png\" class=\"attachment-large size-large wp-image-36\" alt=\"\" srcset=\"https:\/\/norawa.mx\/wp-content\/uploads\/2025\/11\/1-1024x768.png 1024w, https:\/\/norawa.mx\/wp-content\/uploads\/2025\/11\/1-300x225.png 300w, https:\/\/norawa.mx\/wp-content\/uploads\/2025\/11\/1-768x576.png 768w, https:\/\/norawa.mx\/wp-content\/uploads\/2025\/11\/1.png 1280w\" sizes=\"(max-width: 1024px) 100vw, 1024px\" \/>\t\t\t\t\t\t\t\t\t\t\t\t\t\t\t<\/div>\n\t\t\t\t<\/div>\n\t\t\t\t\t<\/div>\n\t\t\t\t<\/div>\n\t\t<div class=\"elementor-element elementor-element-608b123 e-flex e-con-boxed e-con e-parent\" data-id=\"608b123\" data-element_type=\"container\">\n\t\t\t\t\t<div class=\"e-con-inner\">\n\t\t<div class=\"elementor-element elementor-element-201d941 e-con-full e-flex e-con e-child\" data-id=\"201d941\" data-element_type=\"container\" data-settings=\"{&quot;background_background&quot;:&quot;classic&quot;}\">\n\t\t\t\t<div class=\"elementor-element elementor-element-63ba1d5 elementor-widget elementor-widget-image\" data-id=\"63ba1d5\" data-element_type=\"widget\" data-widget_type=\"image.default\">\n\t\t\t\t\t\t\t\t\t\t\t\t\t\t\t<img loading=\"lazy\" decoding=\"async\" width=\"1024\" height=\"768\" src=\"https:\/\/norawa.mx\/wp-content\/uploads\/2025\/11\/2-3-1024x768.png\" class=\"attachment-large size-large wp-image-41\" alt=\"\" srcset=\"https:\/\/norawa.mx\/wp-content\/uploads\/2025\/11\/2-3-1024x768.png 1024w, https:\/\/norawa.mx\/wp-content\/uploads\/2025\/11\/2-3-300x225.png 300w, https:\/\/norawa.mx\/wp-content\/uploads\/2025\/11\/2-3-768x576.png 768w, https:\/\/norawa.mx\/wp-content\/uploads\/2025\/11\/2-3.png 1280w\" sizes=\"(max-width: 1024px) 100vw, 1024px\" \/>\t\t\t\t\t\t\t\t\t\t\t\t\t\t\t<\/div>\n\t\t\t\t<\/div>\n\t\t<div class=\"elementor-element elementor-element-a026b52 e-con-full e-flex e-con e-child\" data-id=\"a026b52\" data-element_type=\"container\">\n\t\t\t\t<div class=\"elementor-element elementor-element-c3f7bc0 elementor-widget elementor-widget-heading\" data-id=\"c3f7bc0\" data-element_type=\"widget\" data-widget_type=\"heading.default\">\n\t\t\t\t\t<h2 class=\"elementor-heading-title elementor-size-default\">Empaque especializado de manzana<\/h2>\t\t\t\t<\/div>\n\t\t\t\t<div class=\"elementor-element elementor-element-e8d2811 elementor-widget-tablet__width-initial elementor-widget elementor-widget-text-editor\" data-id=\"e8d2811\" data-element_type=\"widget\" data-widget_type=\"text-editor.default\">\n\t\t\t\t\t\t\t\t\t<p>Con diferentes presentaciones, nos adaptamos a diferentes solicitudes, seg\u00fan la necesidad del cliente.<\/p>\t\t\t\t\t\t\t\t<\/div>\n\t\t\t\t<\/div>\n\t\t\t\t\t<\/div>\n\t\t\t\t<\/div>\n\t\t<div class=\"elementor-element elementor-element-53b46df e-flex e-con-boxed e-con e-parent\" data-id=\"53b46df\" data-element_type=\"container\">\n\t\t\t\t\t<div class=\"e-con-inner\">\n\t\t<div class=\"elementor-element elementor-element-febcc6a e-con-full e-flex e-con e-child\" data-id=\"febcc6a\" data-element_type=\"container\">\n\t\t\t\t<div class=\"elementor-element elementor-element-cfbc2b4 elementor-widget elementor-widget-heading\" data-id=\"cfbc2b4\" data-element_type=\"widget\" data-widget_type=\"heading.default\">\n\t\t\t\t\t<h2 class=\"elementor-heading-title elementor-size-default\">Comercializaci\u00f3n a nivel nacional<\/h2>\t\t\t\t<\/div>\n\t\t\t\t<div class=\"elementor-element elementor-element-d60bf77 elementor-widget elementor-widget-text-editor\" data-id=\"d60bf77\" data-element_type=\"widget\" data-widget_type=\"text-editor.default\">\n\t\t\t\t\t\t\t\t\t<p>Contamos con canales de distribuci\u00f3n establecidos en las principales regiones del pa\u00eds.<\/p>\t\t\t\t\t\t\t\t<\/div>\n\t\t\t\t<\/div>\n\t\t<div class=\"elementor-element elementor-element-04979e9 e-con-full e-flex e-con e-child\" data-id=\"04979e9\" data-element_type=\"container\" data-settings=\"{&quot;background_background&quot;:&quot;classic&quot;}\">\n\t\t\t\t<div class=\"elementor-element elementor-element-aa2029f elementor-widget elementor-widget-image\" data-id=\"aa2029f\" data-element_type=\"widget\" data-widget_type=\"image.default\">\n\t\t\t\t\t\t\t\t\t\t\t\t\t\t\t<img loading=\"lazy\" decoding=\"async\" width=\"1024\" height=\"576\" src=\"https:\/\/norawa.mx\/wp-content\/uploads\/2025\/11\/3-1024x576.png\" class=\"attachment-large size-large wp-image-38\" alt=\"\" srcset=\"https:\/\/norawa.mx\/wp-content\/uploads\/2025\/11\/3-1024x576.png 1024w, https:\/\/norawa.mx\/wp-content\/uploads\/2025\/11\/3-300x169.png 300w, https:\/\/norawa.mx\/wp-content\/uploads\/2025\/11\/3-768x432.png 768w, https:\/\/norawa.mx\/wp-content\/uploads\/2025\/11\/3.png 1280w\" sizes=\"(max-width: 1024px) 100vw, 1024px\" \/>\t\t\t\t\t\t\t\t\t\t\t\t\t\t\t<\/div>\n\t\t\t\t<\/div>\n\t\t\t\t\t<\/div>\n\t\t\t\t<\/div>\n\t\t<div class=\"elementor-element elementor-element-9140f1e e-flex e-con-boxed e-con e-parent\" data-id=\"9140f1e\" data-element_type=\"container\" data-settings=\"{&quot;background_background&quot;:&quot;classic&quot;}\">\n\t\t\t\t\t<div class=\"e-con-inner\">\n\t\t\t\t\t<\/div>\n\t\t\t\t<\/div>\n\t\t<div class=\"elementor-element elementor-element-3c3ebca e-flex e-con-boxed e-con e-parent\" data-id=\"3c3ebca\" data-element_type=\"container\">\n\t\t\t\t\t<div class=\"e-con-inner\">\n\t\t<div class=\"elementor-element elementor-element-76a5610 e-con-full e-flex e-con e-child\" data-id=\"76a5610\" data-element_type=\"container\">\n\t\t\t\t<div class=\"elementor-element elementor-element-0131b71 elementor-widget elementor-widget-heading\" data-id=\"0131b71\" data-element_type=\"widget\" data-widget_type=\"heading.default\">\n\t\t\t\t\t<h2 class=\"elementor-heading-title elementor-size-default\">Informaci\u00f3n de contacto<\/h2>\t\t\t\t<\/div>\n\t\t\t\t<div class=\"elementor-element elementor-element-4527c49 elementor-widget elementor-widget-text-editor\" data-id=\"4527c49\" data-element_type=\"widget\" data-widget_type=\"text-editor.default\">\n\t\t\t\t\t\t\t\t\t<p><strong>Tel\u00e9fonos:<\/strong><\/p><p>625 &#8211; 111 &#8211; 3084<\/p><p><strong>Correo de contacto:<\/strong><\/p><p>contacto@norawa.mx<\/p>\t\t\t\t\t\t\t\t<\/div>\n\t\t\t\t<\/div>\n\t\t<div class=\"elementor-element elementor-element-7b1f8c6 e-con-full e-flex e-con e-child\" data-id=\"7b1f8c6\" data-element_type=\"container\">\n\t\t\t\t<div class=\"elementor-element elementor-element-42b3a24 elementor-widget elementor-widget-heading\" data-id=\"42b3a24\" data-element_type=\"widget\" data-widget_type=\"heading.default\">\n\t\t\t\t\t<h2 class=\"elementor-heading-title elementor-size-default\">Redes sociales<\/h2>\t\t\t\t<\/div>\n\t\t\t\t<div class=\"elementor-element elementor-element-f6178bb e-grid-align-left elementor-shape-rounded elementor-grid-0 elementor-widget elementor-widget-social-icons\" data-id=\"f6178bb\" data-element_type=\"widget\" data-widget_type=\"social-icons.default\">\n\t\t\t\t\t\t\t<div class=\"elementor-social-icons-wrapper elementor-grid\">\n\t\t\t\t\t\t\t<span class=\"elementor-grid-item\">\n\t\t\t\t\t<a class=\"elementor-icon elementor-social-icon elementor-social-icon-facebook elementor-repeater-item-e401a13\" href=\"https:\/\/www.facebook.com\/share\/165n7Krt1K\/?mibextid=wwXIfr\" target=\"_blank\">\n\t\t\t\t\t\t<span class=\"elementor-screen-only\">Facebook<\/span>\n\t\t\t\t\t\t<svg aria-hidden=\"true\" class=\"e-font-icon-svg e-fab-facebook\" viewBox=\"0 0 512 512\" xmlns=\"http:\/\/www.w3.org\/2000\/svg\"><path d=\"M504 256C504 119 393 8 256 8S8 119 8 256c0 123.78 90.69 226.38 209.25 245V327.69h-63V256h63v-54.64c0-62.15 37-96.48 93.67-96.48 27.14 0 55.52 4.84 55.52 4.84v61h-31.28c-30.8 0-40.41 19.12-40.41 38.73V256h68.78l-11 71.69h-57.78V501C413.31 482.38 504 379.78 504 256z\"><\/path><\/svg>\t\t\t\t\t<\/a>\n\t\t\t\t<\/span>\n\t\t\t\t\t<\/div>\n\t\t\t\t\t\t<\/div>\n\t\t\t\t<\/div>\n\t\t<div class=\"elementor-element elementor-element-07d9181 e-con-full e-flex e-con e-child\" data-id=\"07d9181\" data-element_type=\"container\">\n\t\t\t\t<div class=\"elementor-element elementor-element-b6887bc elementor-widget elementor-widget-heading\" data-id=\"b6887bc\" data-element_type=\"widget\" data-widget_type=\"heading.default\">\n\t\t\t\t\t<h2 class=\"elementor-heading-title elementor-size-default\">Puntos de venta:<\/h2>\t\t\t\t<\/div>\n\t\t\t\t<div class=\"elementor-element elementor-element-ede8171 elementor-widget elementor-widget-text-editor\" data-id=\"ede8171\" data-element_type=\"widget\" data-widget_type=\"text-editor.default\">\n\t\t\t\t\t\t\t\t\t<p>Ciudad de M\u00e9xico<\/p><p>Guadalajara<\/p><p>Irapuato<\/p><p>Le\u00f3n<\/p><p>Toluca<\/p>\t\t\t\t\t\t\t\t<\/div>\n\t\t\t\t<\/div>\n\t\t\t\t\t<\/div>\n\t\t\t\t<\/div>\n\t\t\t\t<\/div>\n\t\t","protected":false},"excerpt":{"rendered":"<p>Dulce bocado, cero pecado Qui\u00e9nes somos Somos una empresa joven, pero con amplia experiencia en la comercializaci\u00f3n y distribuci\u00f3n de [&hellip;]<\/p>\n","protected":false},"author":1,"featured_media":0,"parent":0,"menu_order":0,"comment_status":"closed","ping_status":"closed","template":"elementor_header_footer","meta":{"site-sidebar-layout":"no-sidebar","site-content-layout":"","ast-site-content-layout":"full-width-container","site-content-style":"default","site-sidebar-style":"default","ast-global-header-display":"","ast-banner-title-visibility":"","ast-main-header-display":"","ast-hfb-above-header-display":"","ast-hfb-below-header-display":"","ast-hfb-mobile-header-display":"","site-post-title":"disabled","ast-breadcrumbs-content":"","ast-featured-img":"disabled","footer-sml-layout":"","theme-transparent-header-meta":"","adv-header-id-meta":"","stick-header-meta":"","header-above-stick-meta":"","header-main-stick-meta":"","header-below-stick-meta":"","astra-migrate-meta-layouts":"default","ast-page-background-enabled":"default","ast-page-background-meta":{"desktop":{"background-color":"var(--ast-global-color-5)","background-image":"","background-repeat":"repeat","background-position":"center center","background-size":"auto","background-attachment":"scroll","background-type":"","background-media":"","overlay-type":"","overlay-color":"","overlay-opacity":"","overlay-gradient":""},"tablet":{"background-color":"","background-image":"","background-repeat":"repeat","background-position":"center center","background-size":"auto","background-attachment":"scroll","background-type":"","background-media":"","overlay-type":"","overlay-color":"","overlay-opacity":"","overlay-gradient":""},"mobile":{"background-color":"","background-image":"","background-repeat":"repeat","background-position":"center center","background-size":"auto","background-attachment":"scroll","background-type":"","background-media":"","overlay-type":"","overlay-color":"","overlay-opacity":"","overlay-gradient":""}},"ast-content-background-meta":{"desktop":{"background-color":"var(--ast-global-color-4)","background-image":"","background-repeat":"repeat","background-position":"center center","background-size":"auto","background-attachment":"scroll","background-type":"","background-media":"","overlay-type":"","overlay-color":"","overlay-opacity":"","overlay-gradient":""},"tablet":{"background-color":"var(--ast-global-color-4)","background-image":"","background-repeat":"repeat","background-position":"center center","background-size":"auto","background-attachment":"scroll","background-type":"","background-media":"","overlay-type":"","overlay-color":"","overlay-opacity":"","overlay-gradient":""},"mobile":{"background-color":"var(--ast-global-color-4)","background-image":"","background-repeat":"repeat","background-position":"center center","background-size":"auto","background-attachment":"scroll","background-type":"","background-media":"","overlay-type":"","overlay-color":"","overlay-opacity":"","overlay-gradient":""}},"footnotes":""},"class_list":["post-8","page","type-page","status-publish","hentry"],"_links":{"self":[{"href":"https:\/\/norawa.mx\/index.php?rest_route=\/wp\/v2\/pages\/8","targetHints":{"allow":["GET"]}}],"collection":[{"href":"https:\/\/norawa.mx\/index.php?rest_route=\/wp\/v2\/pages"}],"about":[{"href":"https:\/\/norawa.mx\/index.php?rest_route=\/wp\/v2\/types\/page"}],"author":[{"embeddable":true,"href":"https:\/\/norawa.mx\/index.php?rest_route=\/wp\/v2\/users\/1"}],"replies":[{"embeddable":true,"href":"https:\/\/norawa.mx\/index.php?rest_route=%2Fwp%2Fv2%2Fcomments&post=8"}],"version-history":[{"count":127,"href":"https:\/\/norawa.mx\/index.php?rest_route=\/wp\/v2\/pages\/8\/revisions"}],"predecessor-version":[{"id":211,"href":"https:\/\/norawa.mx\/index.php?rest_route=\/wp\/v2\/pages\/8\/revisions\/211"}],"wp:attachment":[{"href":"https:\/\/norawa.mx\/index.php?rest_route=%2Fwp%2Fv2%2Fmedia&parent=8"}],"curies":[{"name":"wp","href":"https:\/\/api.w.org\/{rel}","templated":true}]}}