{"id":82,"date":"2025-11-22T03:28:04","date_gmt":"2025-11-22T03:28:04","guid":{"rendered":"https:\/\/norawa.mx\/?page_id=82"},"modified":"2025-11-22T06:26:18","modified_gmt":"2025-11-22T06:26:18","slug":"misionvision","status":"publish","type":"page","link":"https:\/\/norawa.mx\/?page_id=82","title":{"rendered":"MISIONVISION"},"content":{"rendered":"\t\t<div data-elementor-type=\"wp-page\" data-elementor-id=\"82\" class=\"elementor elementor-82\">\n\t\t\t\t<div class=\"elementor-element elementor-element-4fcb798 e-con-full e-flex e-con e-parent\" data-id=\"4fcb798\" data-element_type=\"container\" data-settings=\"{&quot;background_background&quot;:&quot;classic&quot;}\">\n\t\t<div class=\"elementor-element elementor-element-16b9dba e-con-full e-flex e-con e-child\" data-id=\"16b9dba\" data-element_type=\"container\">\n\t\t\t\t<div class=\"elementor-element elementor-element-ee6f802 elementor-widget elementor-widget-heading\" data-id=\"ee6f802\" data-element_type=\"widget\" data-widget_type=\"heading.default\">\n\t\t\t\t\t<h2 class=\"elementor-heading-title elementor-size-default\">MISI\u00d3N<\/h2>\t\t\t\t<\/div>\n\t\t\t\t<div class=\"elementor-element elementor-element-a43f748 elementor-widget elementor-widget-text-editor\" data-id=\"a43f748\" data-element_type=\"widget\" data-widget_type=\"text-editor.default\">\n\t\t\t\t\t\t\t\t\t<p>Satisfacer la creciente demanda del mercado con frutas saludables y de la m\u00e1s alta calidad. Garantizando as\u00ed productos frescos, a trav\u00e9s de pr\u00e1cticas sostenibles y un compromiso inquebrantable con nuestros empleados, agricultores asociados, y el medio ambiente; as\u00ed mismo, ofrecer a nuestros clientes una experiencia placentera, cuidando al mismo tiempo la salud de nuestros consumidores.<\/p>\t\t\t\t\t\t\t\t<\/div>\n\t\t\t\t<\/div>\n\t\t<div class=\"elementor-element elementor-element-c4cfc8f e-con-full e-flex e-con e-child\" data-id=\"c4cfc8f\" data-element_type=\"container\">\n\t\t\t\t<div class=\"elementor-element elementor-element-632045c elementor-widget elementor-widget-heading\" data-id=\"632045c\" data-element_type=\"widget\" data-widget_type=\"heading.default\">\n\t\t\t\t\t<h2 class=\"elementor-heading-title elementor-size-default\">VISI\u00d3N<\/h2>\t\t\t\t<\/div>\n\t\t\t\t<div class=\"elementor-element elementor-element-dee308f elementor-widget elementor-widget-text-editor\" data-id=\"dee308f\" data-element_type=\"widget\" data-widget_type=\"text-editor.default\">\n\t\t\t\t\t\t\t\t\t<p>Obtener reconocimiento como l\u00edderes en la comercializaci\u00f3n de frutas de alta calidad a nivel nacional. Diferenci\u00e1ndonos por la excelencia, sabor y compromiso con la satisfacci\u00f3n del cliente.<\/p>\t\t\t\t\t\t\t\t<\/div>\n\t\t\t\t<\/div>\n\t\t<div class=\"elementor-element elementor-element-a6f5a7b e-con-full e-flex e-con e-child\" data-id=\"a6f5a7b\" data-element_type=\"container\">\n\t\t\t\t<div class=\"elementor-element elementor-element-55d526a elementor-widget elementor-widget-heading\" data-id=\"55d526a\" data-element_type=\"widget\" data-widget_type=\"heading.default\">\n\t\t\t\t\t<h2 class=\"elementor-heading-title elementor-size-default\">NUESTROS VALORES<\/h2>\t\t\t\t<\/div>\n\t\t\t\t<div class=\"elementor-element elementor-element-92beeac elementor-widget elementor-widget-text-editor\" data-id=\"92beeac\" data-element_type=\"widget\" data-widget_type=\"text-editor.default\">\n\t\t\t\t\t\t\t\t\t<ul><li><strong>Calidad:<\/strong> Asegurar productos frescos, sabrosos, y que cumplan con altos est\u00e1ndares.<\/li><\/ul><ul><li><strong>Integridad y honestidad:<\/strong> Operar con transparencia, credibilidad y \u00e9tica en todas las decisiones.<\/li><\/ul><ul><li><strong>Orientaci\u00f3n al cliente:<\/strong> Esforzarse por entender y satisfacer las necesidades del cliente y la calidad del producto.<\/li><\/ul><ul><li><strong>Trabajo en equipo:<\/strong> Fomentar la colaboraci\u00f3n entre los empleados para alcanzar objetivos comunes.<\/li><\/ul><ul><li><strong>Responsabilidad social y ambiental:<\/strong> Ser conscientes del impacto en el medio ambiente, utilizando los recursos de manera responsable, y contribuyendo al bienestar de la sociedad y de los productores.<\/li><\/ul><ul><li><strong>Innovaci\u00f3n:<\/strong> Buscar constantemente mejorar los procesos y ofrecer soluciones nuevas para el mercado.<\/li><\/ul><ul><li><strong>Eficiencia<\/strong>: Gestionar las operaciones de manera eficiente para garantizar la puntualidad en las entregas y un buen servicio.<\/li><\/ul><ul><li><strong>Confianza:<\/strong> Generar confianza a trav\u00e9s de la selecci\u00f3n cuidadosa de productos y el trato con nuestros productores asociados.<\/li><\/ul><ul><li><strong>Lealtad:<\/strong> Ser fieles a los principios y valores de la organizaci\u00f3n.<\/li><\/ul><ul><li><strong>Empat\u00eda:<\/strong> Reconocer y respetar los derechos de todos nuestros colaboradores.<\/li><\/ul>\t\t\t\t\t\t\t\t<\/div>\n\t\t\t\t<\/div>\n\t\t\t\t<\/div>\n\t\t<div class=\"elementor-element elementor-element-7e5064a e-flex e-con-boxed e-con e-parent\" data-id=\"7e5064a\" data-element_type=\"container\">\n\t\t\t\t\t<div class=\"e-con-inner\">\n\t\t<div class=\"elementor-element elementor-element-9cdad4b e-con-full e-flex e-con e-child\" data-id=\"9cdad4b\" data-element_type=\"container\">\n\t\t\t\t<div class=\"elementor-element elementor-element-5384c44 elementor-widget elementor-widget-heading\" data-id=\"5384c44\" data-element_type=\"widget\" data-widget_type=\"heading.default\">\n\t\t\t\t\t<h2 class=\"elementor-heading-title elementor-size-default\">Informaci\u00f3n de contacto<\/h2>\t\t\t\t<\/div>\n\t\t\t\t<div class=\"elementor-element elementor-element-a7cc767 elementor-widget elementor-widget-text-editor\" data-id=\"a7cc767\" data-element_type=\"widget\" data-widget_type=\"text-editor.default\">\n\t\t\t\t\t\t\t\t\t<p><strong>Tel\u00e9fonos:<\/strong><\/p><p>625 &#8211; 111 &#8211; 3084<\/p><p>\u00a0<\/p><p><strong>Correo de contacto:<\/strong><\/p><p>contacto@norawa.mx<\/p>\t\t\t\t\t\t\t\t<\/div>\n\t\t\t\t<\/div>\n\t\t<div class=\"elementor-element elementor-element-32cd209 e-con-full e-flex e-con e-child\" data-id=\"32cd209\" data-element_type=\"container\">\n\t\t\t\t<div class=\"elementor-element elementor-element-472c426 elementor-widget elementor-widget-heading\" data-id=\"472c426\" data-element_type=\"widget\" data-widget_type=\"heading.default\">\n\t\t\t\t\t<h2 class=\"elementor-heading-title elementor-size-default\">Redes sociales<\/h2>\t\t\t\t<\/div>\n\t\t\t\t<div class=\"elementor-element elementor-element-9f2bbe9 e-grid-align-left elementor-shape-rounded elementor-grid-0 elementor-widget elementor-widget-social-icons\" data-id=\"9f2bbe9\" data-element_type=\"widget\" data-widget_type=\"social-icons.default\">\n\t\t\t\t\t\t\t<div class=\"elementor-social-icons-wrapper elementor-grid\">\n\t\t\t\t\t\t\t<span class=\"elementor-grid-item\">\n\t\t\t\t\t<a class=\"elementor-icon elementor-social-icon elementor-social-icon-facebook elementor-repeater-item-1de2845\" href=\"https:\/\/www.facebook.com\/share\/165n7Krt1K\/?mibextid=wwXIfr\" target=\"_blank\">\n\t\t\t\t\t\t<span class=\"elementor-screen-only\">Facebook<\/span>\n\t\t\t\t\t\t<svg aria-hidden=\"true\" class=\"e-font-icon-svg e-fab-facebook\" viewBox=\"0 0 512 512\" xmlns=\"http:\/\/www.w3.org\/2000\/svg\"><path d=\"M504 256C504 119 393 8 256 8S8 119 8 256c0 123.78 90.69 226.38 209.25 245V327.69h-63V256h63v-54.64c0-62.15 37-96.48 93.67-96.48 27.14 0 55.52 4.84 55.52 4.84v61h-31.28c-30.8 0-40.41 19.12-40.41 38.73V256h68.78l-11 71.69h-57.78V501C413.31 482.38 504 379.78 504 256z\"><\/path><\/svg>\t\t\t\t\t<\/a>\n\t\t\t\t<\/span>\n\t\t\t\t\t<\/div>\n\t\t\t\t\t\t<\/div>\n\t\t\t\t<\/div>\n\t\t<div class=\"elementor-element elementor-element-e37d538 e-con-full e-flex e-con e-child\" data-id=\"e37d538\" data-element_type=\"container\">\n\t\t\t\t<div class=\"elementor-element elementor-element-befd813 elementor-widget elementor-widget-heading\" data-id=\"befd813\" data-element_type=\"widget\" data-widget_type=\"heading.default\">\n\t\t\t\t\t<h2 class=\"elementor-heading-title elementor-size-default\">Puntos de venta:<\/h2>\t\t\t\t<\/div>\n\t\t\t\t<div class=\"elementor-element elementor-element-b5216c7 elementor-widget elementor-widget-text-editor\" data-id=\"b5216c7\" data-element_type=\"widget\" data-widget_type=\"text-editor.default\">\n\t\t\t\t\t\t\t\t\t<p>Ciudad de M\u00e9xico<\/p><p>Guadalajara<\/p><p>Irapuato<\/p><p>Le\u00f3n<\/p><p>Toluca<\/p>\t\t\t\t\t\t\t\t<\/div>\n\t\t\t\t<\/div>\n\t\t\t\t\t<\/div>\n\t\t\t\t<\/div>\n\t\t\t\t<\/div>\n\t\t","protected":false},"excerpt":{"rendered":"<p>MISI\u00d3N Satisfacer la creciente demanda del mercado con frutas saludables y de la m\u00e1s alta calidad. Garantizando as\u00ed productos frescos, [&hellip;]<\/p>\n","protected":false},"author":1,"featured_media":0,"parent":0,"menu_order":0,"comment_status":"closed","ping_status":"closed","template":"","meta":{"site-sidebar-layout":"no-sidebar","site-content-layout":"","ast-site-content-layout":"full-width-container","site-content-style":"default","site-sidebar-style":"default","ast-global-header-display":"","ast-banner-title-visibility":"","ast-main-header-display":"","ast-hfb-above-header-display":"","ast-hfb-below-header-display":"","ast-hfb-mobile-header-display":"","site-post-title":"disabled","ast-breadcrumbs-content":"","ast-featured-img":"disabled","footer-sml-layout":"","theme-transparent-header-meta":"","adv-header-id-meta":"","stick-header-meta":"","header-above-stick-meta":"","header-main-stick-meta":"","header-below-stick-meta":"","astra-migrate-meta-layouts":"default","ast-page-background-enabled":"default","ast-page-background-meta":{"desktop":{"background-color":"var(--ast-global-color-5)","background-image":"","background-repeat":"repeat","background-position":"center center","background-size":"auto","background-attachment":"scroll","background-type":"","background-media":"","overlay-type":"","overlay-color":"","overlay-opacity":"","overlay-gradient":""},"tablet":{"background-color":"","background-image":"","background-repeat":"repeat","background-position":"center center","background-size":"auto","background-attachment":"scroll","background-type":"","background-media":"","overlay-type":"","overlay-color":"","overlay-opacity":"","overlay-gradient":""},"mobile":{"background-color":"","background-image":"","background-repeat":"repeat","background-position":"center center","background-size":"auto","background-attachment":"scroll","background-type":"","background-media":"","overlay-type":"","overlay-color":"","overlay-opacity":"","overlay-gradient":""}},"ast-content-background-meta":{"desktop":{"background-color":"var(--ast-global-color-4)","background-image":"","background-repeat":"repeat","background-position":"center center","background-size":"auto","background-attachment":"scroll","background-type":"","background-media":"","overlay-type":"","overlay-color":"","overlay-opacity":"","overlay-gradient":""},"tablet":{"background-color":"var(--ast-global-color-4)","background-image":"","background-repeat":"repeat","background-position":"center center","background-size":"auto","background-attachment":"scroll","background-type":"","background-media":"","overlay-type":"","overlay-color":"","overlay-opacity":"","overlay-gradient":""},"mobile":{"background-color":"var(--ast-global-color-4)","background-image":"","background-repeat":"repeat","background-position":"center center","background-size":"auto","background-attachment":"scroll","background-type":"","background-media":"","overlay-type":"","overlay-color":"","overlay-opacity":"","overlay-gradient":""}},"footnotes":""},"class_list":["post-82","page","type-page","status-publish","hentry"],"_links":{"self":[{"href":"https:\/\/norawa.mx\/index.php?rest_route=\/wp\/v2\/pages\/82","targetHints":{"allow":["GET"]}}],"collection":[{"href":"https:\/\/norawa.mx\/index.php?rest_route=\/wp\/v2\/pages"}],"about":[{"href":"https:\/\/norawa.mx\/index.php?rest_route=\/wp\/v2\/types\/page"}],"author":[{"embeddable":true,"href":"https:\/\/norawa.mx\/index.php?rest_route=\/wp\/v2\/users\/1"}],"replies":[{"embeddable":true,"href":"https:\/\/norawa.mx\/index.php?rest_route=%2Fwp%2Fv2%2Fcomments&post=82"}],"version-history":[{"count":28,"href":"https:\/\/norawa.mx\/index.php?rest_route=\/wp\/v2\/pages\/82\/revisions"}],"predecessor-version":[{"id":157,"href":"https:\/\/norawa.mx\/index.php?rest_route=\/wp\/v2\/pages\/82\/revisions\/157"}],"wp:attachment":[{"href":"https:\/\/norawa.mx\/index.php?rest_route=%2Fwp%2Fv2%2Fmedia&parent=82"}],"curies":[{"name":"wp","href":"https:\/\/api.w.org\/{rel}","templated":true}]}}